{"id":48,"date":"2025-01-22T11:09:47","date_gmt":"2025-01-22T11:09:47","guid":{"rendered":"http:\/\/fluidexap.tuiasi.ro\/?page_id=48"},"modified":"2025-10-08T08:00:49","modified_gmt":"2025-10-08T08:00:49","slug":"related-information","status":"publish","type":"page","link":"https:\/\/fluidexap.tuiasi.ro\/en\/related-information\/","title":{"rendered":"Additional information"},"content":{"rendered":"<h2 class=\"wp-block-heading has-text-align-left is-style-default\" style=\"margin-top:0;margin-bottom:var(--wp--preset--spacing--10)\">Infrastructure<\/h2>\n\n\n\n<ul class=\"wp-block-list\">\n<li style=\"margin-bottom:0\"><a href=\"http:\/\/atnano.sim.tuiasi.ro\/\" target=\"_blank\" rel=\"noreferrer noopener\">THERMAL ANALYSIS AND NANOFLUIDS LABORATORY<\/a><\/li>\n\n\n\n<li style=\"margin-top:var(--wp--preset--spacing--10)\"><a href=\"http:\/\/fluidexap.tuiasi.ro\/wp-content\/uploads\/2025\/06\/TUIASI-Minea-lab_presentation_june-2025_EN_v3.mp4\" target=\"_blank\" rel=\"noreferrer noopener\">Video presentation<\/a><\/li>\n<\/ul>\n\n\n\n<div style=\"height:20px\" aria-hidden=\"true\" class=\"wp-block-spacer\"><\/div>\n\n\n\n<hr class=\"wp-block-separator has-alpha-channel-opacity is-style-default\"\/>\n\n\n\n<div style=\"height:20px\" aria-hidden=\"true\" class=\"wp-block-spacer\"><\/div>\n\n\n\n<h2 class=\"wp-block-heading has-text-align-center\">Previous projects<\/h2>\n\n\n\n<div style=\"height:20px\" aria-hidden=\"true\" class=\"wp-block-spacer\"><\/div>\n\n\n\n\n<table>\n<tr>\n\t<td>MCT-EXCELEN\u021aA program \u2013 ET Financing contract no.5882\/2006<\/td>\n\t<td>Reducing energy consumption of heating installations at medium temperatures by intensifying heat and mass transfer processes\nProject manager: Alina Adriana Minea<\/td>\n\t<td>2006-2008<\/td>\n<\/tr>\n<tr>\n\t<td>PNCD II-IDEI program, Contract no. 81\/01.10.2007\t<\/td>\n\t<td>Experimental and CFD techniques for energy optimization of electric furnaces by modifying the geometry of the workspace\nProject manager: Alina Adriana Minea\t<\/td>\n\t<td>2007-2009<\/td>\n<\/tr>\n<tr>\n\t<td>PN III \u2013 Contract PNCDI III no. 27PFE\/2021\t<\/td>\n\t<td>Institutional development of TUIA\u0218I by increasing performance in research, development and innovation TUIA\u0218I -COMPETE 2.0\nCoordinator of postdoctoral and doctoral students: Alina Adriana Minea\nProject manager: Carmen Maria Loghin<\/td>\n\t<td>30.12.2021 -17.06.2024<\/td>\n<\/tr>\n<tr>\n\t<td>POC 2014-2020 \u2013A.1-A.1.1.3-H-2016\t<\/td>\n\t<td>Support Center for the development and implementation of internationally funded research and development projects in the field of new and emerging technologies \u2013 ACCESS2020\nExpert for project proposals: Alina Adriana Minea\nProject manager: Nicolae Lucanu\t<\/td>\n\t<td>01.05.2020-30.06.2023<\/td>\n<\/tr>\n<tr>\n\t<td>COST Action CA 15119\t<\/td>\n\t<td>Overcoming Barriers to Nanofluids Market Uptake (NANO-UPTAKE) Dissemination manager: Alina Adriana Minea\t<\/td>\n\t<td>2016 \u2013 2020<\/td>\n<\/tr>\n<tr>\n\t<td>COST CIG Action CIG-15119<\/td>\n\t<td>Nanofluids for convective heat transfer devices Dissemination manager: Alina Adriana Minea\t<\/td>\n\t<td>2020 \u2013 2021<\/td>\n<\/tr>\n<tr>\n\t<td>POCU 2014-2020 Contract no. 153437\t<\/td>\n\t<td>Network of excellence in research and applied innovation for doctoral and postdoctoral study programs \u2013 INOHUBDOC.\nPartner coordinator: Alina Adriana Minea\t<\/td>\n\t<td>01.06.2022-30.11.2023<\/td>\n<\/tr>\n<tr>\n\t<td>PN III \u2013 Program 1 \u2013 Developing the national R&amp;D system, Contr. PD 36\/2022\t<\/td>\n\t<td>New ionic liquids enhanced with nanoparticles for heat transfer applications\nMentor: Alina Adriana Minea\nProject manager: Elena Ionela Chereche\u0219\t<\/td>\n\t<td>19.04.2022 \u2013 20.04.2024<\/td>\n<\/tr>\n<tr>\n\t<td>HORIZON-WIDERA-2022-ERA-01\t<\/td>\n\t<td>Transforming Europe through doctoral talent and skills recognition \u2013 Doc4Talent4EU. Responsabil Partener: Alina Adriana Minea\t<\/td>\n\t<td>01.01.2023-31.12.2024<\/td>\n<\/tr>\n<tr>\n\t<td>10 PHE\t<\/td>\n\t<td>Transforming Europe through increasing transversal skills and talents among doctoral students, code: PN-IV-P8-8.1-PRE-HE-ORG-2023-0036\nProject manager: Alina Adriana Minea\t<\/td>\n\t<td>2023-2024<\/td>\n<\/tr>\n<\/table>\n\n\n\n<div style=\"height:100px\" aria-hidden=\"true\" class=\"wp-block-spacer\"><\/div>\n\n\n\n\n<style class=\"advgb-styles-renderer\">\ntable tr:nth-child(even) {\n  background: #D0E4F5;}\ntable {border: 1px solid #000000;border-collapse: collapse; margin: 0 auto;  padding: 0px;table-layout: fixed;min-width: 70%;}table th {text-align: center;padding: 8px;border: 1px solid #000000;background:#1b90bb;color:#FFFFFF;font-weight:bold;text-align:center}table td{padding: 8px;border: 1px solid #000000;}table tr{color:#000000;text-align:center;}table .mobile-head {display:none;}table .show-on-mobile {display:none;}@media screen and (max-width: 600px) {table {border: 1px solid #000000;border-collapse: collapse; margin: 0 auto;  padding: 0px;table-layout: fixed;min-width: 100%;}table td{padding: 8px;border: 1px solid #000000;display: block;text-align: right;width: 100%\\9;  float: left\\9;}table tr{background-color: #dddddd;color:#000000;text-align:right;margin:8px}table tr:first-child {display:none;}table tr{display: block;}table td:not(:first-child){border-top:0px;}table .mobile-head{font-weight:bold;color:#000000;float:left;text-align:left;display:block}table .show-on-mobile {display:block;}}\n\nh1.has-text-align-center.wp-block-post-title {\nposition: absolute;\n    z-index: 1;\n    font-weight: 800;\n    color: white;\n    font-size: 6vw;\n    padding-top: 2%;\n}\n.wp-block-group.has-global-padding.is-layout-constrained.wp-container-core-group-is-layout-5.wp-block-group-is-layout-constrained {\ndisplay: flex !Important;\n    justify-content: center !Important;\n    align-items: center !Important;\n}\n<\/style>","protected":false},"excerpt":{"rendered":"<p>Infrastructur\u0103 Proiecte anterioare Programul MCT-EXCELEN\u021aA \u2013 ET Contract de finan\u021bare nr.5882\/2006 Reducerea consumurilor energetice ale instala\u021biilor de \u00eenc\u0103lzire la temperaturi medii prin intensificarea proceselor de transfer de c\u0103ldur\u0103 \u0219i mas\u0103 Director proiect: Alina Adriana Minea 2006-2008 Programul PNCD II-IDEI-Contract de finan\u021bare nr. 81\/01.10.2007 Tehnici experimentale \u0219i CFD pentru optimizarea energetic\u0103 a cuptoarelor electrice prin modificarea [&hellip;]<\/p>","protected":false},"author":2,"featured_media":553,"parent":0,"menu_order":0,"comment_status":"closed","ping_status":"closed","template":"","meta":{"advgb_blocks_editor_width":"","advgb_blocks_columns_visual_guide":"","footnotes":""},"class_list":["post-48","page","type-page","status-publish","has-post-thumbnail","hentry"],"coauthors":[],"author_meta":{"author_link":"https:\/\/fluidexap.tuiasi.ro\/en\/author\/bogdan_fluideaxap\/","display_name":"Bogdan_fluideaxap"},"relative_dates":{"created":"Posted 1 year ago","modified":"Updated 6 months ago"},"absolute_dates":{"created":"Posted on January 22, 2025","modified":"Updated on October 8, 2025"},"absolute_dates_time":{"created":"Posted on January 22, 2025 11:09 am","modified":"Updated on October 8, 2025 8:00 am"},"featured_img_caption":"","featured_img":"https:\/\/fluidexap.tuiasi.ro\/wp-content\/uploads\/2025\/10\/Designer-copy.png","series_order":"","_links":{"self":[{"href":"https:\/\/fluidexap.tuiasi.ro\/en\/wp-json\/wp\/v2\/pages\/48","targetHints":{"allow":["GET"]}}],"collection":[{"href":"https:\/\/fluidexap.tuiasi.ro\/en\/wp-json\/wp\/v2\/pages"}],"about":[{"href":"https:\/\/fluidexap.tuiasi.ro\/en\/wp-json\/wp\/v2\/types\/page"}],"author":[{"embeddable":true,"href":"https:\/\/fluidexap.tuiasi.ro\/en\/wp-json\/wp\/v2\/users\/2"}],"replies":[{"embeddable":true,"href":"https:\/\/fluidexap.tuiasi.ro\/en\/wp-json\/wp\/v2\/comments?post=48"}],"version-history":[{"count":30,"href":"https:\/\/fluidexap.tuiasi.ro\/en\/wp-json\/wp\/v2\/pages\/48\/revisions"}],"predecessor-version":[{"id":574,"href":"https:\/\/fluidexap.tuiasi.ro\/en\/wp-json\/wp\/v2\/pages\/48\/revisions\/574"}],"wp:featuredmedia":[{"embeddable":true,"href":"https:\/\/fluidexap.tuiasi.ro\/en\/wp-json\/wp\/v2\/media\/553"}],"wp:attachment":[{"href":"https:\/\/fluidexap.tuiasi.ro\/en\/wp-json\/wp\/v2\/media?parent=48"}],"curies":[{"name":"wp","href":"https:\/\/api.w.org\/{rel}","templated":true}]}}