{"id":29,"date":"2025-01-22T11:01:06","date_gmt":"2025-01-22T11:01:06","guid":{"rendered":"http:\/\/fluidexap.tuiasi.ro\/?page_id=29"},"modified":"2025-10-08T07:59:45","modified_gmt":"2025-10-08T07:59:45","slug":"objectives","status":"publish","type":"page","link":"https:\/\/fluidexap.tuiasi.ro\/en\/objectives\/","title":{"rendered":"Objectives"},"content":{"rendered":"<p><strong><em>General objectives<\/em><\/strong><\/p>\n\n\n\n<p>OG1. To develop and foster excellence in RD&amp;I and to promote competence by attaining international recognised results.<\/p>\n\n\n\n<p>OG2. To increase the participation of Romania in European level research by creating a research group with high-level scientific competence.<\/p>\n\n\n\n<p>OG3. To improve the international visibility of Romania by increasing its contribution to advancement of knowledge and by training a critical mass of researchers in smart specialization areas.<\/p>\n\n\n\n<p>OG4. To support and inspire the aspirations to excellence of Romania by increasing its research attractiveness.<\/p>\n\n\n\n<div style=\"height:51px\" aria-hidden=\"true\" class=\"wp-block-spacer\"><\/div>\n\n\n\n<p><\/p>\n\n\n\n<p><strong><em>Scientific objectives<\/em><\/strong><\/p>\n\n\n\n<p>OS1. To develop new nanofluids (NFs) based on thermal oil, polyethylene glycol (PEG) or EG, enriched with nanoparticles, and foster their use as advanced heat transfer fluids (HTF)<\/p>\n\n\n\n<p>OS2. To develop experimental setup to test the new fluids<\/p>\n\n\n\n<p>OS3. To increase the efficiency of heat transfer in heat exchange applications with about 15%<\/p>\n\n\n\n<p>OS4. To save at least 10% of global energy consumption (refers to the synergy between the fluid and application) by implementing the new obtained HTFs in lab scale<\/p>\n\n\n\n<p>OS5. To improve the performances of heat exchangers by minimizing their overall dimension with 10% and increasing the convection heat transfer by 15%<\/p>\n\n\n\n<p>OS6. To advance TRL for nanofluids (up to TRL4-5)<\/p>\n\n\n\n<div style=\"height:100px\" aria-hidden=\"true\" class=\"wp-block-spacer\"><\/div>\n\n\n\n\n<style class=\"advgb-styles-renderer\">\nh1.has-text-align-center.wp-block-post-title {\nposition: absolute;\n    z-index: 1;\n    font-weight: 800;\n    color: white;\n    font-size: 6vw;\n    padding-top: 2%;\n}\n.wp-block-group.has-global-padding.is-layout-constrained.wp-container-core-group-is-layout-5.wp-block-group-is-layout-constrained {\ndisplay: flex !Important;\n    justify-content: center !Important;\n    align-items: center !Important;\n}\n<\/style>","protected":false},"excerpt":{"rendered":"<p>Obiective generale OG1. Dezvoltarea \u0219i promovarea excelen\u021bei \u00een cercetare \u0219i dezvoltare \u0219i promovarea competen\u021bei prin ob\u021binerea de rezultate recunoscute interna\u021bional. OG2. Cre\u0219terea particip\u0103rii Rom\u00e2niei la cercetarea la nivel european prin crearea unui grup de cercetare cu competen\u021b\u0103 \u0219tiin\u021bific\u0103 la nivel \u00eenalt. OG3. \u00cembun\u0103t\u0103\u021birea vizibilit\u0103\u021bii interna\u021bionale a Rom\u00e2niei prin cre\u0219terea contribu\u021biei acesteia la progresul cuno\u0219tin\u021belor \u0219i [&hellip;]<\/p>","protected":false},"author":2,"featured_media":553,"parent":0,"menu_order":0,"comment_status":"closed","ping_status":"closed","template":"","meta":{"advgb_blocks_editor_width":"","advgb_blocks_columns_visual_guide":"","footnotes":""},"class_list":["post-29","page","type-page","status-publish","has-post-thumbnail","hentry"],"coauthors":[],"author_meta":{"author_link":"https:\/\/fluidexap.tuiasi.ro\/en\/author\/bogdan_fluideaxap\/","display_name":"Bogdan_fluideaxap"},"relative_dates":{"created":"Posted 1 year ago","modified":"Updated 6 months ago"},"absolute_dates":{"created":"Posted on January 22, 2025","modified":"Updated on October 8, 2025"},"absolute_dates_time":{"created":"Posted on January 22, 2025 11:01 am","modified":"Updated on October 8, 2025 7:59 am"},"featured_img_caption":"","featured_img":"https:\/\/fluidexap.tuiasi.ro\/wp-content\/uploads\/2025\/10\/Designer-copy.png","series_order":"","_links":{"self":[{"href":"https:\/\/fluidexap.tuiasi.ro\/en\/wp-json\/wp\/v2\/pages\/29","targetHints":{"allow":["GET"]}}],"collection":[{"href":"https:\/\/fluidexap.tuiasi.ro\/en\/wp-json\/wp\/v2\/pages"}],"about":[{"href":"https:\/\/fluidexap.tuiasi.ro\/en\/wp-json\/wp\/v2\/types\/page"}],"author":[{"embeddable":true,"href":"https:\/\/fluidexap.tuiasi.ro\/en\/wp-json\/wp\/v2\/users\/2"}],"replies":[{"embeddable":true,"href":"https:\/\/fluidexap.tuiasi.ro\/en\/wp-json\/wp\/v2\/comments?post=29"}],"version-history":[{"count":7,"href":"https:\/\/fluidexap.tuiasi.ro\/en\/wp-json\/wp\/v2\/pages\/29\/revisions"}],"predecessor-version":[{"id":565,"href":"https:\/\/fluidexap.tuiasi.ro\/en\/wp-json\/wp\/v2\/pages\/29\/revisions\/565"}],"wp:featuredmedia":[{"embeddable":true,"href":"https:\/\/fluidexap.tuiasi.ro\/en\/wp-json\/wp\/v2\/media\/553"}],"wp:attachment":[{"href":"https:\/\/fluidexap.tuiasi.ro\/en\/wp-json\/wp\/v2\/media?parent=29"}],"curies":[{"name":"wp","href":"https:\/\/api.w.org\/{rel}","templated":true}]}}