{"id":129,"date":"2025-01-22T13:58:56","date_gmt":"2025-01-22T13:58:56","guid":{"rendered":"http:\/\/fluidexap.tuiasi.ro\/?page_id=129"},"modified":"2026-01-27T17:02:09","modified_gmt":"2026-01-27T17:02:09","slug":"acasa","status":"publish","type":"page","link":"https:\/\/fluidexap.tuiasi.ro\/en\/","title":{"rendered":"FluidExAp"},"content":{"rendered":"<div class=\"wp-block-group alignfull has-base-background-color has-background has-global-padding is-layout-constrained wp-container-core-group-is-layout-1 wp-block-group-is-layout-constrained\" style=\"margin-top:0;margin-bottom:0;padding-top:var(--wp--preset--spacing--20);padding-right:15%;padding-bottom:0;padding-left:17%\">\n<div class=\"wp-block-columns alignwide is-layout-flex wp-container-core-columns-is-layout-2 wp-block-columns-is-layout-flex\">\n<div class=\"wp-block-column is-layout-flow wp-container-core-column-is-layout-2 wp-block-column-is-layout-flow\" style=\"flex-basis:100%\">\n<p class=\"has-heading-font-family has-large-font-size\" style=\"line-height:1.2\">The main goal of the project is to develop nanofluids as advanced fluids for heat transfer (with improved thermophysical properties: high thermal conductivity, low viscosity) and to increase the efficiency of solar heat exchange systems.<\/p>\n\n\n\n<div class=\"wp-block-columns is-layout-flex wp-container-core-columns-is-layout-1 wp-block-columns-is-layout-flex\" style=\"padding-bottom:var(--wp--preset--spacing--10)\">\n<div class=\"wp-block-column is-layout-flow wp-block-column-is-layout-flow\">\n<p class=\"wp-container-content-1\">The start point will be to develop nanofluids and we will consider the most efficient ones, as was demonstrated by now in the open literature (i.e. alumina, CNT, Cu and Ag nanoparticles suspended in thermal oil, polyethylene glycol). To achieve top objectives, we will conceive and validate new correlations for thermal conductivity, viscosity, specific heat, Nu etc, correlations that can be applied to a larger range of nanofluids. <\/p>\n\n\n\n<p class=\"wp-container-content-2\">The objectives are: <\/p>\n\n\n\n<ul class=\"wp-block-list\">\n<li>Developing new nanofluids; <\/li>\n\n\n\n<li>Experimental to determine sonication time, physical and thermophysical properties; <\/li>\n\n\n\n<li>Numerical implementation and validation of the developed nanofluid; <\/li>\n\n\n\n<li>Developing correlations for thermophysical properties, friction factor;<\/li>\n\n\n\n<li>Testing new fluids in lab;<\/li>\n\n\n\n<li>Implementing the best case in a heat exchanger.<\/li>\n<\/ul>\n\n\n\n<p class=\"wp-container-content-3\">These are actually the logical steps in defining a new heat transfer fluid since we start with developing different nanofluids, experimentally determine their properties, implement data in 3D numerical analysis, where we have the \u201cliberty\u201d in testing different heat exchangers types and concentrations. After a conservative analysis of numerical results we can move to real-application. After performing all steps, we can conclude if and what nanofluids are more efficient.<\/p>\n\n\n\n<hr class=\"wp-block-separator has-alpha-channel-opacity\"\/>\n\n\n\n<h3 class=\"wp-block-heading has-text-align-center\"><span style=\"color: #0f0e17;\" class=\"stk-highlight\"><strong>IMPACT <\/strong><\/span><\/h3>\n\n\n\n<p class=\"has-large-font-size\">Cognitive Impact of the Project<\/p>\n\n\n\n<p><em>Expansion of Scientific Knowledge<\/em><\/p>\n\n\n\n<ul class=\"wp-block-list\">\n<li>Advanced understanding of nanoscale phenomena in heat transfer.<\/li>\n\n\n\n<li>Innovative thermophysical modeling of fluids containing nanoparticles.<\/li>\n\n\n\n<li>Interdisciplinarity: physics, chemistry, fluid mechanics, materials engineering, building services engineering, and simulation techniques.<\/li>\n\n\n\n<li>Creation of new scientific and technological paradigms.<\/li>\n<\/ul>\n\n\n\n<p><em>Development of Technical Skills<\/em><\/p>\n\n\n\n<ul class=\"wp-block-list\">\n<li>New experimental techniques for measuring thermophysical properties.<\/li>\n\n\n\n<li>Simulation and optimization algorithms for the design of new functional fluids.<\/li>\n\n\n\n<li>Interdisciplinary knowledge transfer within academia and research, with impact on industry.<\/li>\n<\/ul>\n\n\n\n<p><em>Educational training<\/em><\/p>\n\n\n\n<ul class=\"wp-block-list\">\n<li>Training sessions and workshops dedicated to PhD and Master\u2019s students, as well as early-career researchers.<\/li>\n\n\n\n<li>Creation of new research projects in nanotechnology and thermal systems.<\/li>\n\n\n\n<li>Stimulation of creativity in the design of new fluids.<\/li>\n<\/ul>\n\n\n\n<p class=\"has-large-font-size\">Socio-Economic Impact of the Project<\/p>\n\n\n\n<p><em>Energy Efficiency and Competitiveness<\/em><\/p>\n\n\n\n<ul class=\"wp-block-list has-medium-font-size\">\n<li>Improved performance of heat exchangers, leading to reduced energy losses.<\/li>\n\n\n\n<li>More efficient thermal systems, resulting in lower long-term costs.<\/li>\n<\/ul>\n\n\n\n<p class=\"has-medium-font-size\"><em>Cost Savings and Investments<\/em><\/p>\n\n\n\n<ul class=\"wp-block-list has-medium-font-size\">\n<li>Reduction of operational costs through enhanced thermal efficiency.<\/li>\n\n\n\n<li>Attraction of investments in green technologies and nanomaterials startups.<\/li>\n<\/ul>\n\n\n\n<p><em>Environment and Sustainability<\/em><\/p>\n\n\n\n<ul class=\"wp-block-list has-medium-font-size\">\n<li>Reduction of CO\u2082 emissions through efficient use of thermal energy.<\/li>\n\n\n\n<li>Support for climate neutrality goals and the energy transition.<\/li>\n\n\n\n<li>More efficient materials, potentially leading to reduced resource consumption over the life cycle.<\/li>\n<\/ul>\n\n\n\n<p><em>Employment and regional development<\/em><\/p>\n\n\n\n<ul class=\"wp-block-list has-medium-font-size\">\n<li>Collaboration between universities, laboratories, and industry.<\/li>\n\n\n\n<li>Development of local skills in high-tech sectors.<\/li>\n<\/ul>\n<\/div>\n<\/div>\n<\/div>\n<\/div>\n<\/div>\n\n\n\n<hr class=\"wp-block-separator has-alpha-channel-opacity\"\/>\n\n\n\n<p><\/p>\n\n\n\n<p class=\"has-text-align-center\"><strong>Programme 5.1 - Ideas<\/strong><\/p>\n\n\n\n<p class=\"has-text-align-center\"><strong>Project type: Exploratory Research<\/strong><\/p>\n\n\n\n<p class=\"has-text-align-center\"><strong>Code: PN-IV-P1-PCE-2023-0171<\/strong><\/p>\n\n\n\n<p class=\"has-text-align-center\"><strong>Grant no. 18PCE \/ 08.01.2025<\/strong><\/p>\n\n\n\n\n\n\n\n<div style=\"height:100px\" aria-hidden=\"true\" class=\"wp-block-spacer\"><\/div>\n<style class=\"advgb-styles-renderer\">\nh1.has-text-align-center.wp-block-post-title {\nposition: absolute;\n    z-index: 1;\n    font-weight: 800;\n    color: white;\n    font-size: 6vw;\n    padding-top: 2%;\n}\n.wp-block-group.has-global-padding.is-layout-constrained.wp-container-core-group-is-layout-5.wp-block-group-is-layout-constrained {\ndisplay: flex !Important;\n    justify-content: center !Important;\n    align-items: center !Important;\n}\n<\/style>","protected":false},"excerpt":{"rendered":"<p>Principalul scop al proiectului este dezvoltarea nanofluidelor ca fluide avansate pentru transfer termic (cu propriet\u0103\u0163i termofizice \u020bmbun\u0103t\u0103\u0163ite: conductivitate termic\u0103 mare, v\u00e2scozitate sc\u0103zut\u0103) \u0219i de a cre\u0219te eficien\u021ba sistemelor solare de schimb de c\u0103ldur\u0103. Punctul de plecare al cercetarilor este dezvoltarea unor nanofluide eficiente termic (pe baza de nanoparticule de alumina, CNT, Cu si Ag suspendate [&hellip;]<\/p>","protected":false},"author":2,"featured_media":553,"parent":0,"menu_order":0,"comment_status":"closed","ping_status":"closed","template":"","meta":{"advgb_blocks_editor_width":"","advgb_blocks_columns_visual_guide":"","footnotes":""},"class_list":["post-129","page","type-page","status-publish","has-post-thumbnail","hentry"],"coauthors":[],"author_meta":{"author_link":"https:\/\/fluidexap.tuiasi.ro\/en\/author\/bogdan_fluideaxap\/","display_name":"Bogdan_fluideaxap"},"relative_dates":{"created":"Posted 1 year ago","modified":"Updated 2 months ago"},"absolute_dates":{"created":"Posted on January 22, 2025","modified":"Updated on January 27, 2026"},"absolute_dates_time":{"created":"Posted on January 22, 2025 1:58 pm","modified":"Updated on January 27, 2026 5:02 pm"},"featured_img_caption":"","featured_img":"https:\/\/fluidexap.tuiasi.ro\/wp-content\/uploads\/2025\/10\/Designer-copy.png","series_order":"","_links":{"self":[{"href":"https:\/\/fluidexap.tuiasi.ro\/en\/wp-json\/wp\/v2\/pages\/129","targetHints":{"allow":["GET"]}}],"collection":[{"href":"https:\/\/fluidexap.tuiasi.ro\/en\/wp-json\/wp\/v2\/pages"}],"about":[{"href":"https:\/\/fluidexap.tuiasi.ro\/en\/wp-json\/wp\/v2\/types\/page"}],"author":[{"embeddable":true,"href":"https:\/\/fluidexap.tuiasi.ro\/en\/wp-json\/wp\/v2\/users\/2"}],"replies":[{"embeddable":true,"href":"https:\/\/fluidexap.tuiasi.ro\/en\/wp-json\/wp\/v2\/comments?post=129"}],"version-history":[{"count":20,"href":"https:\/\/fluidexap.tuiasi.ro\/en\/wp-json\/wp\/v2\/pages\/129\/revisions"}],"predecessor-version":[{"id":670,"href":"https:\/\/fluidexap.tuiasi.ro\/en\/wp-json\/wp\/v2\/pages\/129\/revisions\/670"}],"wp:featuredmedia":[{"embeddable":true,"href":"https:\/\/fluidexap.tuiasi.ro\/en\/wp-json\/wp\/v2\/media\/553"}],"wp:attachment":[{"href":"https:\/\/fluidexap.tuiasi.ro\/en\/wp-json\/wp\/v2\/media?parent=129"}],"curies":[{"name":"wp","href":"https:\/\/api.w.org\/{rel}","templated":true}]}}