{"id":12,"date":"2025-01-22T10:41:08","date_gmt":"2025-01-22T10:41:08","guid":{"rendered":"http:\/\/fluidexap.tuiasi.ro\/?page_id=12"},"modified":"2025-10-08T07:59:18","modified_gmt":"2025-10-08T07:59:18","slug":"team","status":"publish","type":"page","link":"https:\/\/fluidexap.tuiasi.ro\/en\/team\/","title":{"rendered":"Team"},"content":{"rendered":"<div class=\"wp-block-stackable-columns alignwide stk-block-columns stk-block stk-e35b10a\" data-block-id=\"e35b10a\"><div class=\"stk-row stk-inner-blocks stk-block-content stk-content-align stk-e35b10a-column alignfull\">\n<div class=\"wp-block-stackable-column stk-block-column stk-column stk-block stk-6546fb1\" data-v=\"4\" data-block-id=\"6546fb1\"><div class=\"stk-column-wrapper stk-block-column__content stk-container stk-6546fb1-container stk--no-background stk--no-padding\"><div class=\"stk-block-content stk-inner-blocks stk-6546fb1-inner-blocks\">\n<div class=\"wp-block-stackable-columns stk-block-columns stk-block stk-971418e\" data-block-id=\"971418e\"><div class=\"stk-row stk-inner-blocks stk-block-content stk-content-align stk-971418e-column\">\n<div class=\"wp-block-stackable-column stk-block-column stk-column stk-block stk-d089ec5\" data-v=\"4\" data-block-id=\"d089ec5\"><div class=\"stk-column-wrapper stk-block-column__content stk-container stk-d089ec5-container stk--no-background stk--no-padding\"><div class=\"stk-block-content stk-inner-blocks stk-d089ec5-inner-blocks\">\n<div class=\"wp-block-stackable-team-member stk-block-team-member stk-block stk-773a33c is-style-default\" data-v=\"2\" data-block-id=\"773a33c\"><div class=\"stk-block-team-member__content stk-content-align stk-773a33c-column stk-container stk-773a33c-container stk-hover-parent\"><div class=\"stk-block-content stk-inner-blocks has-text-align-center stk-773a33c-inner-blocks\">\n<div class=\"wp-block-stackable-subtitle stk-block-subtitle stk-block stk-445414e\" data-block-id=\"445414e\"><p class=\"stk-block-subtitle__text stk-subtitle\"><em><strong>Prof.univ. dr.habil.ing.<\/strong><\/em><\/p><\/div>\n\n\n\n<h4 class=\"wp-block-heading\"><strong>Minea Alina Adriana<\/strong><\/h4>\n\n\n\n<div class=\"wp-block-stackable-subtitle stk-block-subtitle stk-block stk-11583e7\" data-block-id=\"11583e7\"><p class=\"stk-block-subtitle__text stk-subtitle\"><em>Project manager<\/em><\/p><\/div>\n\n\n\n<p style=\"margin-top:0;margin-bottom:0;padding-top:0;padding-bottom:0\"><a href=\"\/en\/alina-adriana.minea@academic.tuiasi.ro\/\">E-mail<\/a><\/p>\n\n\n\n<p><a href=\"https:\/\/www.researchgate.net\/profile\/Alina-Adriana-Minea\">Webpage<\/a><\/p>\n<\/div><\/div><\/div>\n<\/div><\/div><\/div>\n<\/div><\/div>\n<\/div><\/div><\/div>\n<\/div><\/div>\n\n\n\n<div class=\"wp-block-stackable-columns alignwide stk-block-columns stk-block stk-8e85a9d\" data-block-id=\"8e85a9d\"><div class=\"stk-row stk-inner-blocks stk-block-content stk-content-align stk-8e85a9d-column alignwide\">\n<div class=\"wp-block-stackable-column stk-block-column stk-column stk-block stk-72c0190\" data-v=\"4\" data-block-id=\"72c0190\"><div class=\"stk-column-wrapper stk-block-column__content stk-container stk-72c0190-container stk--no-background stk--no-padding\"><div class=\"stk-block-content stk-inner-blocks stk-72c0190-inner-blocks\">\n<div class=\"wp-block-stackable-columns stk-block-columns stk-block stk-920b655\" data-block-id=\"920b655\"><div class=\"stk-row stk-inner-blocks stk-block-content stk-content-align stk-920b655-column\">\n<div class=\"wp-block-stackable-column stk-block-column stk-column stk-block stk-0dc2e53\" data-v=\"4\" data-block-id=\"0dc2e53\"><div class=\"stk-column-wrapper stk-block-column__content stk-container stk-0dc2e53-container stk--no-background stk--no-padding\"><div class=\"stk-block-content stk-inner-blocks stk-0dc2e53-inner-blocks\">\n<div class=\"wp-block-stackable-team-member stk-block-team-member stk-block stk-62164fd is-style-default\" data-v=\"2\" data-block-id=\"62164fd\"><div class=\"stk-block-team-member__content stk-content-align stk-62164fd-column stk-container stk-62164fd-container stk-hover-parent\"><div class=\"stk-block-content stk-inner-blocks has-text-align-center stk-62164fd-inner-blocks\">\n<div class=\"wp-block-stackable-subtitle stk-block-subtitle stk-block stk-5a64981\" data-block-id=\"5a64981\"><p class=\"stk-block-subtitle__text stk-subtitle\"><em><strong><strong>Prof.univ.dr.ing.<\/strong><\/strong><\/em><\/p><\/div>\n\n\n\n<h4 class=\"wp-block-heading\"><strong><strong>Lisa Gabriela<\/strong><\/strong><\/h4>\n\n\n\n<div class=\"wp-block-stackable-subtitle stk-block-subtitle stk-block stk-c35f073\" data-block-id=\"c35f073\"><p class=\"stk-block-subtitle__text stk-subtitle\"><em><em>Researcher<\/em><\/em><\/p><\/div>\n\n\n\n<p style=\"margin-top:0;margin-bottom:0;padding-top:0;padding-bottom:0\"><a href=\"\/en\/gabriela.lisa@academic.tuiasi.ro\/\">E-mail<\/a><\/p>\n\n\n\n<p><a href=\"https:\/\/www.researchgate.net\/profile\/Gabriela-Lisa\">Webpage<\/a><\/p>\n\n\n\n<p><\/p>\n<\/div><\/div><\/div>\n<\/div><\/div><\/div>\n\n\n\n<div class=\"wp-block-stackable-column stk-block-column stk-column stk-block stk-4766b1e\" data-v=\"4\" data-block-id=\"4766b1e\"><div class=\"stk-column-wrapper stk-block-column__content stk-container stk-4766b1e-container stk--no-background stk--no-padding\"><div class=\"stk-block-content stk-inner-blocks stk-4766b1e-inner-blocks\">\n<div class=\"wp-block-stackable-team-member stk-block-team-member stk-block stk-854aa2e is-style-default\" data-v=\"2\" data-block-id=\"854aa2e\"><div class=\"stk-block-team-member__content stk-content-align stk-854aa2e-column stk-container stk-854aa2e-container stk-hover-parent\"><div class=\"stk-block-content stk-inner-blocks has-text-align-center stk-854aa2e-inner-blocks\">\n<div class=\"wp-block-stackable-subtitle stk-block-subtitle stk-block stk-d35c4db\" data-block-id=\"d35c4db\"><p class=\"stk-block-subtitle__text stk-subtitle\"><em><strong><strong><strong>Conf.univ.dr. ing.<\/strong><\/strong><\/strong><\/em><\/p><\/div>\n\n\n\n<h4 class=\"wp-block-heading\"><strong><strong><strong>Lohan Monica Nicoleta<\/strong><\/strong><\/strong><\/h4>\n\n\n\n<div class=\"wp-block-stackable-subtitle stk-block-subtitle stk-block stk-e6eabb7\" data-block-id=\"e6eabb7\"><p class=\"stk-block-subtitle__text stk-subtitle\"><em><em>Researcher<\/em><\/em><\/p><\/div>\n\n\n\n<p style=\"margin-top:0;margin-bottom:0;padding-top:0;padding-bottom:0\"><a href=\"\/en\/nicoleta-monica.lohan@academic.tuiasi.ro\/\" target=\"_blank\" rel=\"noreferrer noopener\">E-mail<\/a><\/p>\n\n\n\n<p><a href=\"https:\/\/www.researchgate.net\/profile\/N-Lohan\" target=\"_blank\" rel=\"noreferrer noopener\">Webpage<\/a><\/p>\n<\/div><\/div><\/div>\n<\/div><\/div><\/div>\n\n\n\n<div class=\"wp-block-stackable-column stk-block-column stk-column stk-block stk-7b1c43a\" data-v=\"4\" data-block-id=\"7b1c43a\"><div class=\"stk-column-wrapper stk-block-column__content stk-container stk-7b1c43a-container stk--no-background stk--no-padding\"><div class=\"stk-block-content stk-inner-blocks stk-7b1c43a-inner-blocks\">\n<div class=\"wp-block-stackable-team-member stk-block-team-member stk-block stk-85f6358 is-style-default\" data-v=\"2\" data-block-id=\"85f6358\"><div class=\"stk-block-team-member__content stk-content-align stk-85f6358-column stk-container stk-85f6358-container stk-hover-parent\"><div class=\"stk-block-content stk-inner-blocks has-text-align-center stk-85f6358-inner-blocks\">\n<div class=\"wp-block-stackable-subtitle stk-block-subtitle stk-block stk-428791d\" data-block-id=\"428791d\"><p class=\"stk-block-subtitle__text stk-subtitle\"><em><strong><strong><strong>\u015eef lucr.univ.dr.ing.<\/strong><\/strong><\/strong><\/em><\/p><\/div>\n\n\n\n<h4 class=\"wp-block-heading\"><strong><strong><strong>Pricop Bogdan<\/strong><\/strong><\/strong><\/h4>\n\n\n\n<div class=\"wp-block-stackable-subtitle stk-block-subtitle stk-block stk-e3b2770\" data-block-id=\"e3b2770\"><p class=\"stk-block-subtitle__text stk-subtitle\"><em><em><em>Postdoctoral researcher<\/em><\/em><\/em><\/p><\/div>\n\n\n\n<p style=\"margin-top:0;margin-bottom:0;padding-top:0;padding-bottom:0\"><a href=\"\/en\/bogdan.pricop@academic.tuiasi.ro\/\" target=\"_blank\" rel=\"noreferrer noopener\">E-mail<\/a><\/p>\n\n\n\n<p><a href=\"https:\/\/www.researchgate.net\/profile\/Bogdan-Pricop\" target=\"_blank\" rel=\"noreferrer noopener\">Webpage<\/a><br><\/p>\n<\/div><\/div><\/div>\n<\/div><\/div><\/div>\n<\/div><\/div>\n<\/div><\/div><\/div>\n<\/div><\/div>\n\n\n\n<div class=\"wp-block-stackable-columns alignwide stk-block-columns stk-block stk-a200b04\" data-block-id=\"a200b04\"><div class=\"stk-row stk-inner-blocks stk-block-content stk-content-align stk-a200b04-column alignwide\">\n<div class=\"wp-block-stackable-column stk-block-column stk-column stk-block stk-2a238c8\" data-v=\"4\" data-block-id=\"2a238c8\"><div class=\"stk-column-wrapper stk-block-column__content stk-container stk-2a238c8-container stk--no-background stk--no-padding\"><div class=\"stk-block-content stk-inner-blocks stk-2a238c8-inner-blocks\">\n<div class=\"wp-block-stackable-columns stk-block-columns stk-block stk-eb70d8c\" data-block-id=\"eb70d8c\"><div class=\"stk-row stk-inner-blocks stk-block-content stk-content-align stk-eb70d8c-column\">\n<div class=\"wp-block-stackable-column stk-block-column stk-column stk-block stk-81f0009\" data-v=\"4\" data-block-id=\"81f0009\"><div class=\"stk-column-wrapper stk-block-column__content stk-container stk-81f0009-container stk--no-background stk--no-padding\"><div class=\"stk-block-content stk-inner-blocks stk-81f0009-inner-blocks\">\n<div class=\"wp-block-stackable-team-member stk-block-team-member stk-block stk-b4186f7 is-style-default\" data-v=\"2\" data-block-id=\"b4186f7\"><div class=\"stk-block-team-member__content stk-content-align stk-b4186f7-column stk-container stk-b4186f7-container stk-hover-parent\"><div class=\"stk-block-content stk-inner-blocks has-text-align-center stk-b4186f7-inner-blocks\">\n<div class=\"wp-block-stackable-subtitle stk-block-subtitle stk-block stk-63a9792\" data-block-id=\"63a9792\"><p class=\"stk-block-subtitle__text stk-subtitle\"><em><strong><strong><strong>Asist.univ.dr.ing.<\/strong><\/strong><\/strong><\/em><\/p><\/div>\n\n\n\n<h4 class=\"wp-block-heading\"><strong><strong><strong>Chereches Elena Ionela<\/strong><\/strong><\/strong><\/h4>\n\n\n\n<div class=\"wp-block-stackable-subtitle stk-block-subtitle stk-block stk-70a127b\" data-block-id=\"70a127b\"><p class=\"stk-block-subtitle__text stk-subtitle\"><em><em><em>Postdoctoral researcher<\/em><\/em><\/em><\/p><\/div>\n\n\n\n<p style=\"margin-top:0;margin-bottom:0;padding-top:0;padding-bottom:0\"><a href=\"\/en\/elena-ionela.chereches@academic.tuiasi.ro\/\" target=\"_blank\" rel=\"noreferrer noopener\">E-mail<\/a><\/p>\n\n\n\n<p><a href=\"https:\/\/www.researchgate.net\/profile\/Elena-Chereches\" target=\"_blank\" rel=\"noreferrer noopener\">Webpage<\/a><\/p>\n<\/div><\/div><\/div>\n<\/div><\/div><\/div>\n\n\n\n<div class=\"wp-block-stackable-column stk-block-column stk-column stk-block stk-e701129\" data-v=\"4\" data-block-id=\"e701129\"><div class=\"stk-column-wrapper stk-block-column__content stk-container stk-e701129-container stk--no-background stk--no-padding\"><div class=\"stk-block-content stk-inner-blocks stk-e701129-inner-blocks\">\n<div class=\"wp-block-stackable-team-member stk-block-team-member stk-block stk-22f94ac is-style-default\" data-v=\"2\" data-block-id=\"22f94ac\"><div class=\"stk-block-team-member__content stk-content-align stk-22f94ac-column stk-container stk-22f94ac-container stk-hover-parent\"><div class=\"stk-block-content stk-inner-blocks has-text-align-center stk-22f94ac-inner-blocks\">\n<div class=\"wp-block-stackable-subtitle stk-block-subtitle stk-block stk-2eda554\" data-block-id=\"2eda554\"><p class=\"stk-block-subtitle__text stk-subtitle\"><em><strong><strong><strong><strong>\u015eef lucr.univ.dr.ing.<\/strong><\/strong><\/strong><\/strong><\/em><\/p><\/div>\n\n\n\n<h4 class=\"wp-block-heading\"><strong><strong><strong><strong>\u0162urcanu Emilian<\/strong><\/strong><\/strong><\/strong><\/h4>\n\n\n\n<div class=\"wp-block-stackable-subtitle stk-block-subtitle stk-block stk-c4bebbb\" data-block-id=\"c4bebbb\"><p class=\"stk-block-subtitle__text stk-subtitle\"><em><em><em>Postdoctoral researcher<\/em><\/em><\/em><\/p><\/div>\n\n\n\n<p style=\"margin-top:0;margin-bottom:0;padding-top:0;padding-bottom:0\"><a href=\"\/en\/florin-emilian.turcanu@academic.tuiasi.ro\/\" target=\"_blank\" rel=\"noreferrer noopener\">E-mail<\/a><\/p>\n\n\n\n<p><a href=\"https:\/\/www.researchgate.net\/profile\/Florin-Emilian-Turcanu\" target=\"_blank\" rel=\"noreferrer noopener\">Webpage<\/a><\/p>\n<\/div><\/div><\/div>\n<\/div><\/div><\/div>\n\n\n\n<div class=\"wp-block-stackable-column stk-block-column stk-column stk-block stk-397bc6a\" data-v=\"4\" data-block-id=\"397bc6a\"><div class=\"stk-column-wrapper stk-block-column__content stk-container stk-397bc6a-container stk--no-background stk--no-padding\"><div class=\"stk-block-content stk-inner-blocks stk-397bc6a-inner-blocks\">\n<div class=\"wp-block-stackable-team-member stk-block-team-member stk-block stk-5bc2077 is-style-default\" data-v=\"2\" data-block-id=\"5bc2077\"><div class=\"stk-block-team-member__content stk-content-align stk-5bc2077-column stk-container stk-5bc2077-container stk-hover-parent\"><div class=\"stk-block-content stk-inner-blocks has-text-align-center stk-5bc2077-inner-blocks\">\n<div class=\"wp-block-stackable-subtitle stk-block-subtitle stk-block stk-a5f30d6\" data-block-id=\"a5f30d6\"><p class=\"stk-block-subtitle__text stk-subtitle\"><em><strong><strong><strong><strong>\u015eef lucr.univ.dr.ing.<\/strong><\/strong><\/strong><\/strong><\/em><\/p><\/div>\n\n\n\n<h4 class=\"wp-block-heading\"><strong><strong><strong><strong>\u0162ugui C\u0103t\u0103lin Andrei<\/strong><\/strong><\/strong><\/strong><\/h4>\n\n\n\n<div class=\"wp-block-stackable-subtitle stk-block-subtitle stk-block stk-17fbaa0\" data-block-id=\"17fbaa0\"><p class=\"stk-block-subtitle__text stk-subtitle\"><em><em><em>Postdoctoral researcher<\/em><\/em><\/em><\/p><\/div>\n\n\n\n<p style=\"margin-top:0;margin-bottom:0;padding-top:0;padding-bottom:0\"><a href=\"\/en\/catalin-andrei.tugui@academic.tuiasi.ro\/\" target=\"_blank\" rel=\"noreferrer noopener\">E-mail<\/a><\/p>\n\n\n\n<p><a href=\"https:\/\/www.researchgate.net\/profile\/Catalin-Andrei-Tugui\" target=\"_blank\" rel=\"noreferrer noopener\">Webpage<\/a><\/p>\n<\/div><\/div><\/div>\n<\/div><\/div><\/div>\n<\/div><\/div>\n<\/div><\/div><\/div>\n<\/div><\/div>\n\n\n\n<div class=\"wp-block-stackable-columns alignwide stk-block-columns stk-block stk-21f2391\" data-block-id=\"21f2391\"><div class=\"stk-row stk-inner-blocks stk-block-content stk-content-align stk-21f2391-column alignwide\">\n<div class=\"wp-block-stackable-column stk-block-column stk-column stk-block stk-38339cc\" data-v=\"4\" data-block-id=\"38339cc\"><div class=\"stk-column-wrapper stk-block-column__content stk-container stk-38339cc-container stk--no-background stk--no-padding\"><div class=\"stk-block-content stk-inner-blocks stk-38339cc-inner-blocks\">\n<div class=\"wp-block-stackable-columns stk-block-columns stk-block stk-c30e805\" data-block-id=\"c30e805\"><div class=\"stk-row stk-inner-blocks stk-block-content stk-content-align stk-c30e805-column\">\n<div class=\"wp-block-stackable-column stk-block-column stk-column stk-block stk-9942f3a\" data-v=\"4\" data-block-id=\"9942f3a\"><div class=\"stk-column-wrapper stk-block-column__content stk-container stk-9942f3a-container stk--no-background stk--no-padding\"><div class=\"stk-block-content stk-inner-blocks stk-9942f3a-inner-blocks\">\n<div class=\"wp-block-stackable-team-member stk-block-team-member stk-block stk-bd7e593 is-style-default\" data-v=\"2\" data-block-id=\"bd7e593\"><div class=\"stk-block-team-member__content stk-content-align stk-bd7e593-column stk-container stk-bd7e593-container stk-hover-parent\"><div class=\"stk-block-content stk-inner-blocks has-text-align-center stk-bd7e593-inner-blocks\">\n<div class=\"wp-block-stackable-subtitle stk-block-subtitle stk-block stk-e349cd5\" data-block-id=\"e349cd5\"><p class=\"stk-block-subtitle__text stk-subtitle\"><em><strong><strong><strong><strong>Drd.chimist<\/strong><\/strong><\/strong><\/strong><\/em><\/p><\/div>\n\n\n\n<h4 class=\"wp-block-heading\"><strong><strong><strong><strong>Cojocariu Nicoleta<\/strong><\/strong><\/strong><\/strong><\/h4>\n\n\n\n<div class=\"wp-block-stackable-subtitle stk-block-subtitle stk-block stk-50da99c\" data-block-id=\"50da99c\"><p class=\"stk-block-subtitle__text stk-subtitle\"><em><em><em>PhD student<\/em><\/em><\/em><\/p><\/div>\n\n\n\n<p style=\"margin-top:0;margin-bottom:0;padding-top:0;padding-bottom:0\"><a href=\"\/en\/nicoleta.cojocariu@student.tuiasi.ro\/\" target=\"_blank\" rel=\"noreferrer noopener\">E-mail<\/a><\/p>\n\n\n\n<p><a href=\"https:\/\/www.researchgate.net\/profile\/Nicoleta-Cojocariu\" target=\"_blank\" rel=\"noreferrer noopener\">Webpage<\/a><\/p>\n<\/div><\/div><\/div>\n<\/div><\/div><\/div>\n\n\n\n<div class=\"wp-block-stackable-column stk-block-column stk-column stk-block stk-3007ce1\" data-v=\"4\" data-block-id=\"3007ce1\"><div class=\"stk-column-wrapper stk-block-column__content stk-container stk-3007ce1-container stk--no-background stk--no-padding\"><div class=\"stk-block-content stk-inner-blocks stk-3007ce1-inner-blocks\">\n<div class=\"wp-block-stackable-team-member stk-block-team-member stk-block stk-f6caca6 is-style-default\" data-v=\"2\" data-block-id=\"f6caca6\"><div class=\"stk-block-team-member__content stk-content-align stk-f6caca6-column stk-container stk-f6caca6-container stk-hover-parent\"><div class=\"stk-block-content stk-inner-blocks has-text-align-center stk-f6caca6-inner-blocks\">\n<div class=\"wp-block-stackable-subtitle stk-block-subtitle stk-block stk-a71e819\" data-block-id=\"a71e819\"><p class=\"stk-block-subtitle__text stk-subtitle\"><em><strong><strong><strong><strong><strong>Drd.ing.<\/strong><\/strong><\/strong><\/strong><\/strong><\/em><\/p><\/div>\n\n\n\n<h4 class=\"wp-block-heading\"><strong><strong><strong><strong><strong>Tofan George C\u0103t\u0103lin<\/strong><\/strong><\/strong><\/strong><\/strong><\/h4>\n\n\n\n<div class=\"wp-block-stackable-subtitle stk-block-subtitle stk-block stk-660377c\" data-block-id=\"660377c\"><p class=\"stk-block-subtitle__text stk-subtitle\"><em><em><em>PhD student<\/em><\/em><\/em><\/p><\/div>\n\n\n\n<p style=\"margin-top:0;margin-bottom:0;padding-top:0;padding-bottom:0\"><a href=\"\/en\/george-catalin.tofan@student.tuiasi.ro\/\" target=\"_blank\" rel=\"noreferrer noopener\">E-mail<\/a><\/p>\n<\/div><\/div><\/div>\n<\/div><\/div><\/div>\n<\/div><\/div>\n<\/div><\/div><\/div>\n<\/div><\/div>\n\n\n\n\n<style class=\"advgb-styles-renderer\">.stk-e35b10a {padding-top:10px !important;padding-bottom:10px !important;margin-bottom:0px !important;}.stk-445414e {margin-bottom:-7px !important;}.stk-8e85a9d {padding-top:10px !important;padding-bottom:10px !important;}.stk-62164fd .stk-block-team-member__content{min-height:260px !important;}.stk-5a64981 {margin-bottom:-7px !important;}.stk-854aa2e .stk-block-team-member__content{min-height:260px !important;}.stk-d35c4db {margin-bottom:-7px !important;}.stk-85f6358 .stk-block-team-member__content{min-height:260px !important;}.stk-428791d {margin-bottom:-7px !important;}.stk-a200b04 {padding-top:10px !important;padding-bottom:10px !important;}.stk-b4186f7 .stk-block-team-member__content{min-height:260px !important;}.stk-63a9792 {margin-bottom:-7px !important;}.stk-22f94ac .stk-block-team-member__content{min-height:260px !important;}.stk-2eda554 {margin-bottom:-7px !important;}.stk-5bc2077 .stk-block-team-member__content{min-height:260px !important;}.stk-a5f30d6 {margin-bottom:-7px !important;}.stk-21f2391 {padding-top:10px !important;padding-bottom:10px !important;}.stk-bd7e593 .stk-block-team-member__content{min-height:260px !important;}.stk-e349cd5 {margin-bottom:-7px !important;}.stk-f6caca6 .stk-block-team-member__content{min-height:260px !important;}.stk-a71e819 {margin-bottom:-7px !important;}\nh1.has-text-align-center.wp-block-post-title {\nposition: absolute;\n    z-index: 1;\n    font-weight: 800;\n    color: white;\n    font-size: 6vw;\n    padding-top: 2%;\n}\n.wp-block-group.has-global-padding.is-layout-constrained.wp-container-core-group-is-layout-5.wp-block-group-is-layout-constrained {\ndisplay: flex !Important;\n    justify-content: center !Important;\n    align-items: center !Important;\n}\n<\/style>","protected":false},"excerpt":{"rendered":"<p>Prof.univ. dr.habil.ing. Minea Alina Adriana Project manager E-mail Webpage Prof.univ.dr.ing. Lisa Gabriela Researcher E-mail Webpage Conf.univ.dr. ing. Lohan Monica Nicoleta Researcher E-mail Webpage \u015eef lucr.univ.dr.ing. Pricop Bogdan Postdoctoral researcher E-mail Webpage Asist.univ.dr.ing. Chereches Elena Ionela Postdoctoral researcher E-mail Webpage \u015eef lucr.univ.dr.ing. \u0162urcanu Emilian Postdoctoral researcher E-mail Webpage \u015eef lucr.univ.dr.ing. \u0162ugui C\u0103t\u0103lin Andrei Postdoctoral researcher E-mail [&hellip;]<\/p>","protected":false},"author":2,"featured_media":553,"parent":0,"menu_order":0,"comment_status":"closed","ping_status":"closed","template":"","meta":{"advgb_blocks_editor_width":"","advgb_blocks_columns_visual_guide":"","footnotes":""},"class_list":["post-12","page","type-page","status-publish","has-post-thumbnail","hentry"],"coauthors":[],"author_meta":{"author_link":"https:\/\/fluidexap.tuiasi.ro\/en\/author\/bogdan_fluideaxap\/","display_name":"Bogdan_fluideaxap"},"relative_dates":{"created":"Posted 1 year ago","modified":"Updated 6 months ago"},"absolute_dates":{"created":"Posted on January 22, 2025","modified":"Updated on October 8, 2025"},"absolute_dates_time":{"created":"Posted on January 22, 2025 10:41 am","modified":"Updated on October 8, 2025 7:59 am"},"featured_img_caption":"","featured_img":"https:\/\/fluidexap.tuiasi.ro\/wp-content\/uploads\/2025\/10\/Designer-copy.png","series_order":"","_links":{"self":[{"href":"https:\/\/fluidexap.tuiasi.ro\/en\/wp-json\/wp\/v2\/pages\/12","targetHints":{"allow":["GET"]}}],"collection":[{"href":"https:\/\/fluidexap.tuiasi.ro\/en\/wp-json\/wp\/v2\/pages"}],"about":[{"href":"https:\/\/fluidexap.tuiasi.ro\/en\/wp-json\/wp\/v2\/types\/page"}],"author":[{"embeddable":true,"href":"https:\/\/fluidexap.tuiasi.ro\/en\/wp-json\/wp\/v2\/users\/2"}],"replies":[{"embeddable":true,"href":"https:\/\/fluidexap.tuiasi.ro\/en\/wp-json\/wp\/v2\/comments?post=12"}],"version-history":[{"count":45,"href":"https:\/\/fluidexap.tuiasi.ro\/en\/wp-json\/wp\/v2\/pages\/12\/revisions"}],"predecessor-version":[{"id":563,"href":"https:\/\/fluidexap.tuiasi.ro\/en\/wp-json\/wp\/v2\/pages\/12\/revisions\/563"}],"wp:featuredmedia":[{"embeddable":true,"href":"https:\/\/fluidexap.tuiasi.ro\/en\/wp-json\/wp\/v2\/media\/553"}],"wp:attachment":[{"href":"https:\/\/fluidexap.tuiasi.ro\/en\/wp-json\/wp\/v2\/media?parent=12"}],"curies":[{"name":"wp","href":"https:\/\/api.w.org\/{rel}","templated":true}]}}